{"id":64,"date":"2024-12-07T10:39:09","date_gmt":"2024-12-07T10:39:09","guid":{"rendered":"https:\/\/soi.alexanderhoerl.de\/?page_id=64"},"modified":"2025-05-17T07:33:44","modified_gmt":"2025-05-17T06:33:44","slug":"buecher","status":"publish","type":"page","link":"https:\/\/prof-kneginja-richter.de\/en\/buecher\/","title":{"rendered":"Books"},"content":{"rendered":"<div class=\"wp-block-columns is-layout-flex wp-container-core-columns-is-layout-28f84493 wp-block-columns-is-layout-flex\">\n<div class=\"wp-block-column is-layout-flow wp-block-column-is-layout-flow\" style=\"flex-basis:66.66%\">\n<h2 class=\"wp-block-heading\">Ausgeschlafen und mental stark!<\/h2>\n\n\n\n<p>The mind is tired, the body too? Our night's sleep is in a bad state. But sleep expert Prof. Dr. Kneginja Richter promises: we can do something about sleep disorders if we approach them holistically.<\/p>\n\n\n\n<p>How the psyche and a good night's sleep are connected - 99 questions answered by a leading sleep expert.<\/p>\n\n\n\n<p>Now available at all booksellers.<\/p>\n\n\n\n<div class=\"wp-block-group is-content-justification-left is-nowrap is-layout-flex wp-container-core-group-is-layout-a0e8cd0f wp-block-group-is-layout-flex\" style=\"padding-top:var(--wp--preset--spacing--20);padding-bottom:var(--wp--preset--spacing--20)\">\n<figure class=\"wp-block-image size-large is-resized\"><a href=\"https:\/\/www.amazon.de\/Ausgeschlafen-mental-stark-zusammenh%C3%A4ngen-Schlafexpertin\/dp\/3466348242\" target=\"_blank\" rel=\" noreferrer noopener\"><img loading=\"lazy\" decoding=\"async\" width=\"1024\" height=\"310\" src=\"https:\/\/prof-kneginja-richter.de\/wp-content\/uploads\/2025\/01\/Amazon_logo.svg_-1024x310.png\" alt=\"Amazon Logo\" class=\"wp-image-259\" style=\"width:auto;height:40px\" srcset=\"https:\/\/prof-kneginja-richter.de\/wp-content\/uploads\/2025\/01\/Amazon_logo.svg_-1024x310.png 1024w, https:\/\/prof-kneginja-richter.de\/wp-content\/uploads\/2025\/01\/Amazon_logo.svg_-300x91.png 300w, https:\/\/prof-kneginja-richter.de\/wp-content\/uploads\/2025\/01\/Amazon_logo.svg_-768x232.png 768w, https:\/\/prof-kneginja-richter.de\/wp-content\/uploads\/2025\/01\/Amazon_logo.svg_-18x5.png 18w, https:\/\/prof-kneginja-richter.de\/wp-content\/uploads\/2025\/01\/Amazon_logo.svg_.png 1280w\" sizes=\"auto, (max-width: 1024px) 100vw, 1024px\" \/><\/a><\/figure>\n\n\n\n<figure class=\"wp-block-image size-large is-resized\"><a href=\"https:\/\/www.thalia.de\/shop\/home\/artikeldetails\/A1071380422\" target=\"_blank\" rel=\" noreferrer noopener\"><img loading=\"lazy\" decoding=\"async\" width=\"1024\" height=\"228\" src=\"https:\/\/prof-kneginja-richter.de\/wp-content\/uploads\/2025\/01\/Thalia_Logo_10.2019.svg_-1024x228.png\" alt=\"Thalia Logo\" class=\"wp-image-258\" style=\"width:auto;height:40px\" srcset=\"https:\/\/prof-kneginja-richter.de\/wp-content\/uploads\/2025\/01\/Thalia_Logo_10.2019.svg_-1024x228.png 1024w, https:\/\/prof-kneginja-richter.de\/wp-content\/uploads\/2025\/01\/Thalia_Logo_10.2019.svg_-300x67.png 300w, https:\/\/prof-kneginja-richter.de\/wp-content\/uploads\/2025\/01\/Thalia_Logo_10.2019.svg_-768x171.png 768w, https:\/\/prof-kneginja-richter.de\/wp-content\/uploads\/2025\/01\/Thalia_Logo_10.2019.svg_-18x4.png 18w, https:\/\/prof-kneginja-richter.de\/wp-content\/uploads\/2025\/01\/Thalia_Logo_10.2019.svg_.png 1280w\" sizes=\"auto, (max-width: 1024px) 100vw, 1024px\" \/><\/a><\/figure>\n<\/div>\n<\/div>\n\n\n\n<div class=\"wp-block-column is-layout-flow wp-block-column-is-layout-flow\" style=\"flex-basis:33.33%\">\n<figure class=\"wp-block-image size-full\"><img loading=\"lazy\" decoding=\"async\" width=\"1600\" height=\"2545\" src=\"https:\/\/prof-kneginja-richter.de\/wp-content\/uploads\/2025\/01\/71Xc6BMxhNL.jpg\" alt=\"Ausgeschlafen und mental stark! Buch Cover\" class=\"wp-image-264\" style=\"box-shadow:var(--wp--preset--shadow--natural)\" srcset=\"https:\/\/prof-kneginja-richter.de\/wp-content\/uploads\/2025\/01\/71Xc6BMxhNL.jpg 1600w, https:\/\/prof-kneginja-richter.de\/wp-content\/uploads\/2025\/01\/71Xc6BMxhNL-189x300.jpg 189w, https:\/\/prof-kneginja-richter.de\/wp-content\/uploads\/2025\/01\/71Xc6BMxhNL-644x1024.jpg 644w, https:\/\/prof-kneginja-richter.de\/wp-content\/uploads\/2025\/01\/71Xc6BMxhNL-768x1222.jpg 768w, https:\/\/prof-kneginja-richter.de\/wp-content\/uploads\/2025\/01\/71Xc6BMxhNL-966x1536.jpg 966w, https:\/\/prof-kneginja-richter.de\/wp-content\/uploads\/2025\/01\/71Xc6BMxhNL-1288x2048.jpg 1288w, https:\/\/prof-kneginja-richter.de\/wp-content\/uploads\/2025\/01\/71Xc6BMxhNL-8x12.jpg 8w\" sizes=\"auto, (max-width: 1600px) 100vw, 1600px\" \/><\/figure>\n<\/div>\n<\/div>\n\n\n\n<h2 class=\"wp-block-heading\">Testimonials<\/h2>\n\n\n\n<div class=\"wp-block-group is-layout-grid wp-container-core-group-is-layout-c12fa351 wp-block-group-is-layout-grid\" style=\"margin-top:var(--wp--preset--spacing--20);margin-bottom:var(--wp--preset--spacing--20)\">\n<div class=\"wp-block-group has-border-color has-contrast-3-border-color has-background has-global-padding is-layout-constrained wp-container-core-group-is-layout-c385debf wp-block-group-is-layout-constrained\" style=\"border-width:1px;border-radius:20px;background-color:#ffffff82;padding-top:var(--wp--preset--spacing--20);padding-right:var(--wp--preset--spacing--20);padding-bottom:var(--wp--preset--spacing--20);padding-left:var(--wp--preset--spacing--20)\">\n<p class=\"has-text-align-center\" style=\"font-style:normal;font-weight:500\">\u2728 Schlaf ist eine essenzielle, aber oft untersch\u00e4tzte Zutat f\u00fcr ein gesundes und leistungsf\u00e4higes Leben.<\/p>\n\n\n\n<div class=\"wp-block-group is-content-justification-center is-nowrap is-layout-flex wp-container-core-group-is-layout-c0b7569f wp-block-group-is-layout-flex\" style=\"padding-top:var(--wp--preset--spacing--20);padding-bottom:var(--wp--preset--spacing--20)\">\n<figure class=\"wp-block-image size-medium is-resized\"><img loading=\"lazy\" decoding=\"async\" width=\"300\" height=\"288\" src=\"https:\/\/prof-kneginja-richter.de\/wp-content\/uploads\/2025\/03\/noun-star-1088688-300x288.png\" alt=\"\" class=\"wp-image-415\" style=\"width:30px\" srcset=\"https:\/\/prof-kneginja-richter.de\/wp-content\/uploads\/2025\/03\/noun-star-1088688-300x288.png 300w, https:\/\/prof-kneginja-richter.de\/wp-content\/uploads\/2025\/03\/noun-star-1088688-13x12.png 13w, https:\/\/prof-kneginja-richter.de\/wp-content\/uploads\/2025\/03\/noun-star-1088688.png 539w\" sizes=\"auto, (max-width: 300px) 100vw, 300px\" \/><\/figure>\n\n\n\n<figure class=\"wp-block-image size-medium is-resized\"><img loading=\"lazy\" decoding=\"async\" width=\"300\" height=\"288\" src=\"https:\/\/prof-kneginja-richter.de\/wp-content\/uploads\/2025\/03\/noun-star-1088688-300x288.png\" alt=\"\" class=\"wp-image-415\" style=\"width:30px\" srcset=\"https:\/\/prof-kneginja-richter.de\/wp-content\/uploads\/2025\/03\/noun-star-1088688-300x288.png 300w, https:\/\/prof-kneginja-richter.de\/wp-content\/uploads\/2025\/03\/noun-star-1088688-13x12.png 13w, https:\/\/prof-kneginja-richter.de\/wp-content\/uploads\/2025\/03\/noun-star-1088688.png 539w\" sizes=\"auto, (max-width: 300px) 100vw, 300px\" \/><\/figure>\n\n\n\n<figure class=\"wp-block-image size-medium is-resized\"><img loading=\"lazy\" decoding=\"async\" width=\"300\" height=\"288\" src=\"https:\/\/prof-kneginja-richter.de\/wp-content\/uploads\/2025\/03\/noun-star-1088688-300x288.png\" alt=\"\" class=\"wp-image-415\" style=\"width:30px\" srcset=\"https:\/\/prof-kneginja-richter.de\/wp-content\/uploads\/2025\/03\/noun-star-1088688-300x288.png 300w, https:\/\/prof-kneginja-richter.de\/wp-content\/uploads\/2025\/03\/noun-star-1088688-13x12.png 13w, https:\/\/prof-kneginja-richter.de\/wp-content\/uploads\/2025\/03\/noun-star-1088688.png 539w\" sizes=\"auto, (max-width: 300px) 100vw, 300px\" \/><\/figure>\n\n\n\n<figure class=\"wp-block-image size-medium is-resized\"><img loading=\"lazy\" decoding=\"async\" width=\"300\" height=\"288\" src=\"https:\/\/prof-kneginja-richter.de\/wp-content\/uploads\/2025\/03\/noun-star-1088688-300x288.png\" alt=\"\" class=\"wp-image-415\" style=\"width:30px\" srcset=\"https:\/\/prof-kneginja-richter.de\/wp-content\/uploads\/2025\/03\/noun-star-1088688-300x288.png 300w, https:\/\/prof-kneginja-richter.de\/wp-content\/uploads\/2025\/03\/noun-star-1088688-13x12.png 13w, https:\/\/prof-kneginja-richter.de\/wp-content\/uploads\/2025\/03\/noun-star-1088688.png 539w\" sizes=\"auto, (max-width: 300px) 100vw, 300px\" \/><\/figure>\n\n\n\n<figure class=\"wp-block-image size-medium is-resized\"><img loading=\"lazy\" decoding=\"async\" width=\"300\" height=\"288\" src=\"https:\/\/prof-kneginja-richter.de\/wp-content\/uploads\/2025\/03\/noun-star-1088688-300x288.png\" alt=\"\" class=\"wp-image-415\" style=\"width:30px\" srcset=\"https:\/\/prof-kneginja-richter.de\/wp-content\/uploads\/2025\/03\/noun-star-1088688-300x288.png 300w, https:\/\/prof-kneginja-richter.de\/wp-content\/uploads\/2025\/03\/noun-star-1088688-13x12.png 13w, https:\/\/prof-kneginja-richter.de\/wp-content\/uploads\/2025\/03\/noun-star-1088688.png 539w\" sizes=\"auto, (max-width: 300px) 100vw, 300px\" \/><\/figure>\n<\/div>\n\n\n\n<p class=\"has-text-align-center has-small-font-size\" style=\"font-style:normal;font-weight:300\">Das Buch Ausgeschlafen und mental stark von&nbsp;<br><a href=\"https:\/\/www.instagram.com\/prof.dr.kneginja_richter_\/\">@prof.dr.kneginja_richter_<\/a>&nbsp;and&nbsp;<a href=\"https:\/\/www.instagram.com\/sina.horsthemke\/\">@sina.horsthemke<\/a>&nbsp;nimmt sich genau diesem Thema an und vermittelt wissenschaftlich fundierte, aber zugleich praxisnahe Erkenntnisse rund um das Thema Schlafhygiene, Schlafoptimierung und deren Auswirkungen auf die mentale und k\u00f6rperliche Gesundheit.<\/p>\n\n\n\n<p class=\"has-text-align-center has-small-font-size\" style=\"font-style:normal;font-weight:300\">\ud83d\udcd6 Die Autorinnen erkl\u00e4ren auf anschauliche Weise, wie Schlaf funktioniert und welchen Einfluss Faktoren wie Stress, Licht, Temperatur und pers\u00f6nliche Gewohnheiten auf unsere Nachtruhe haben.<\/p>\n\n\n\n<p class=\"has-text-align-center has-small-font-size\" style=\"font-style:normal;font-weight:300\">Dabei greifen sie auf aktuelle wissenschaftliche Erkenntnisse zur\u00fcck und geben hilfreiche Tipps zur Verbesserung der Schlafqualit\u00e4t.<\/p>\n<\/div>\n\n\n\n<div class=\"wp-block-group has-border-color has-contrast-3-border-color has-background has-global-padding is-layout-constrained wp-container-core-group-is-layout-c385debf wp-block-group-is-layout-constrained\" style=\"border-width:1px;border-radius:20px;background-color:#ffffff82;padding-top:var(--wp--preset--spacing--20);padding-right:var(--wp--preset--spacing--20);padding-bottom:var(--wp--preset--spacing--20);padding-left:var(--wp--preset--spacing--20)\">\n<div class=\"wp-block-group is-content-justification-center is-nowrap is-layout-flex wp-container-core-group-is-layout-c0b7569f wp-block-group-is-layout-flex\" style=\"padding-top:var(--wp--preset--spacing--20);padding-bottom:var(--wp--preset--spacing--20)\">\n<figure class=\"wp-block-image size-medium is-resized\"><img loading=\"lazy\" decoding=\"async\" width=\"300\" height=\"288\" src=\"https:\/\/prof-kneginja-richter.de\/wp-content\/uploads\/2025\/03\/noun-star-1088688-300x288.png\" alt=\"\" class=\"wp-image-415\" style=\"width:30px\" srcset=\"https:\/\/prof-kneginja-richter.de\/wp-content\/uploads\/2025\/03\/noun-star-1088688-300x288.png 300w, https:\/\/prof-kneginja-richter.de\/wp-content\/uploads\/2025\/03\/noun-star-1088688-13x12.png 13w, https:\/\/prof-kneginja-richter.de\/wp-content\/uploads\/2025\/03\/noun-star-1088688.png 539w\" sizes=\"auto, (max-width: 300px) 100vw, 300px\" \/><\/figure>\n\n\n\n<figure class=\"wp-block-image size-medium is-resized\"><img loading=\"lazy\" decoding=\"async\" width=\"300\" height=\"288\" src=\"https:\/\/prof-kneginja-richter.de\/wp-content\/uploads\/2025\/03\/noun-star-1088688-300x288.png\" alt=\"\" class=\"wp-image-415\" style=\"width:30px\" srcset=\"https:\/\/prof-kneginja-richter.de\/wp-content\/uploads\/2025\/03\/noun-star-1088688-300x288.png 300w, https:\/\/prof-kneginja-richter.de\/wp-content\/uploads\/2025\/03\/noun-star-1088688-13x12.png 13w, https:\/\/prof-kneginja-richter.de\/wp-content\/uploads\/2025\/03\/noun-star-1088688.png 539w\" sizes=\"auto, (max-width: 300px) 100vw, 300px\" \/><\/figure>\n\n\n\n<figure class=\"wp-block-image size-medium is-resized\"><img loading=\"lazy\" decoding=\"async\" width=\"300\" height=\"288\" src=\"https:\/\/prof-kneginja-richter.de\/wp-content\/uploads\/2025\/03\/noun-star-1088688-300x288.png\" alt=\"\" class=\"wp-image-415\" style=\"width:30px\" srcset=\"https:\/\/prof-kneginja-richter.de\/wp-content\/uploads\/2025\/03\/noun-star-1088688-300x288.png 300w, https:\/\/prof-kneginja-richter.de\/wp-content\/uploads\/2025\/03\/noun-star-1088688-13x12.png 13w, https:\/\/prof-kneginja-richter.de\/wp-content\/uploads\/2025\/03\/noun-star-1088688.png 539w\" sizes=\"auto, (max-width: 300px) 100vw, 300px\" \/><\/figure>\n\n\n\n<figure class=\"wp-block-image size-medium is-resized\"><img loading=\"lazy\" decoding=\"async\" width=\"300\" height=\"288\" src=\"https:\/\/prof-kneginja-richter.de\/wp-content\/uploads\/2025\/03\/noun-star-1088688-300x288.png\" alt=\"\" class=\"wp-image-415\" style=\"width:30px\" srcset=\"https:\/\/prof-kneginja-richter.de\/wp-content\/uploads\/2025\/03\/noun-star-1088688-300x288.png 300w, https:\/\/prof-kneginja-richter.de\/wp-content\/uploads\/2025\/03\/noun-star-1088688-13x12.png 13w, https:\/\/prof-kneginja-richter.de\/wp-content\/uploads\/2025\/03\/noun-star-1088688.png 539w\" sizes=\"auto, (max-width: 300px) 100vw, 300px\" \/><\/figure>\n\n\n\n<figure class=\"wp-block-image size-medium is-resized\"><img loading=\"lazy\" decoding=\"async\" width=\"300\" height=\"288\" src=\"https:\/\/prof-kneginja-richter.de\/wp-content\/uploads\/2025\/03\/noun-star-1088688-300x288.png\" alt=\"\" class=\"wp-image-415\" style=\"width:30px\" srcset=\"https:\/\/prof-kneginja-richter.de\/wp-content\/uploads\/2025\/03\/noun-star-1088688-300x288.png 300w, https:\/\/prof-kneginja-richter.de\/wp-content\/uploads\/2025\/03\/noun-star-1088688-13x12.png 13w, https:\/\/prof-kneginja-richter.de\/wp-content\/uploads\/2025\/03\/noun-star-1088688.png 539w\" sizes=\"auto, (max-width: 300px) 100vw, 300px\" \/><\/figure>\n<\/div>\n\n\n\n<p class=\"has-text-align-center has-small-font-size\" style=\"font-style:normal;font-weight:300\">\ud83d\udc69\u200d\ud83c\udf93 Prof. Kneginja Richter hat mich zur Schlafberaterin ausgebildet. \ud83d\udca4<\/p>\n\n\n\n<p class=\"has-text-align-center has-small-font-size\" style=\"font-style:normal;font-weight:300\">Sie ist eine der f\u00fchrenden Schlafexpertinnen und hat gerade ein neues Buch herausgebracht, das ich gerne unterst\u00fctze. \ud83c\udf89 Es sollte definitiv mehr Frauen wie sie in der Forschung geben!<br><br>Hast du schon ein Buch zu gesundem Schlaf zu Hause, wenn ja welches? Schreib es mir in die Kommentare!<\/p>\n<\/div>\n<\/div>","protected":false},"excerpt":{"rendered":"<p>Ausgeschlafen und mental stark! Der Geist ist m\u00fcde, der K\u00f6rper auch?Um unsere Nachtruhe ist es schlecht bestellt. Doch die Schlafexpertin Prof. Dr. Kneginja Richter verspricht: gegen Schlafst\u00f6rungen k\u00f6nnen wir etwas tun, wenn wir sie ganzheitlich angehen. Wie Psyche und eine gute Nachtruhe zusammenh\u00e4ngen &#8211; 99 Fragen beantwortet von einer f\u00fchrenden Schlafexpertin. Jetzt verf\u00fcgbar bei allen [&hellip;]<\/p>\n","protected":false},"author":1,"featured_media":0,"parent":0,"menu_order":0,"comment_status":"closed","ping_status":"closed","template":"","meta":{"footnotes":""},"class_list":["post-64","page","type-page","status-publish","hentry"],"_links":{"self":[{"href":"https:\/\/prof-kneginja-richter.de\/en\/wp-json\/wp\/v2\/pages\/64","targetHints":{"allow":["GET"]}}],"collection":[{"href":"https:\/\/prof-kneginja-richter.de\/en\/wp-json\/wp\/v2\/pages"}],"about":[{"href":"https:\/\/prof-kneginja-richter.de\/en\/wp-json\/wp\/v2\/types\/page"}],"author":[{"embeddable":true,"href":"https:\/\/prof-kneginja-richter.de\/en\/wp-json\/wp\/v2\/users\/1"}],"replies":[{"embeddable":true,"href":"https:\/\/prof-kneginja-richter.de\/en\/wp-json\/wp\/v2\/comments?post=64"}],"version-history":[{"count":53,"href":"https:\/\/prof-kneginja-richter.de\/en\/wp-json\/wp\/v2\/pages\/64\/revisions"}],"predecessor-version":[{"id":455,"href":"https:\/\/prof-kneginja-richter.de\/en\/wp-json\/wp\/v2\/pages\/64\/revisions\/455"}],"wp:attachment":[{"href":"https:\/\/prof-kneginja-richter.de\/en\/wp-json\/wp\/v2\/media?parent=64"}],"curies":[{"name":"wp","href":"https:\/\/api.w.org\/{rel}","templated":true}]}}