{"id":495,"date":"2025-08-01T13:03:39","date_gmt":"2025-08-01T12:03:39","guid":{"rendered":"https:\/\/prof-kneginja-richter.de\/?page_id=495"},"modified":"2025-11-05T16:57:32","modified_gmt":"2025-11-05T15:57:32","slug":"schlafberatung","status":"publish","type":"page","link":"https:\/\/prof-kneginja-richter.de\/en\/schlafberatung\/","title":{"rendered":"Sleep Counseling"},"content":{"rendered":"<p>Sch\u00f6n, dass Sie hier sind. Viele Menschen erleben Phasen, in denen der Schlaf nicht so erholsam ist, wie er sein sollte. Genau daf\u00fcr ist diese Plattform da: um Orientierung, Entlastung und konkrete Unterst\u00fctzung zu bieten.<\/p>\n\n\n\n<p>Damit ich Sie bestm\u00f6glich begleiten kann, empfehle ich Ihnen, sich kurz zu registrieren. Anschlie\u00dfend k\u00f6nnen Sie \u00fcber den Button&nbsp;<strong>\u201eMail-Beratung\u201c<\/strong>Ihr Anliegen in Ruhe schildern. Beschreiben Sie gerne, was Sie aktuell besch\u00e4ftigt, wie sich Ihr Schlaf anf\u00fchlt und welche Fragen Sie haben.<\/p>\n\n\n\n<p>Ich melde mich dann pers\u00f6nlich bei Ihnen zur\u00fcck und wir finden gemeinsam passende Schritte, die Ihnen helfen k\u00f6nnen.<\/p>\n\n\n\n<p>Ich freue mich auf Ihre Nachricht.<br>Herzliche Gr\u00fc\u00dfe<br><em>Ihr Beratungsteam<\/em><\/p>\n\n\n\n<p>SOI ( Schlaf&nbsp;&nbsp;Online Institut)<\/p>\n\n\n\n<script src=\"https:\/\/ebs.prof-kneginja-richter.de\/vendor\/embed\/plugin.js\" \n        data-vbst=\"4\" \n        data-endpoint=\"https:\/\/ebs.prof-kneginja-richter.de\" \n        data-direction=\"https:\/\/ebs.prof-kneginja-richter.de\/embed\/sbo\/auth\/register?id=onlineschlafberatung\" \n        data-clinic=\"1\"><\/script>","protected":false},"excerpt":{"rendered":"<p>Sch\u00f6n, dass Sie hier sind. Viele Menschen erleben Phasen, in denen der Schlaf nicht so erholsam ist, wie er sein sollte. Genau daf\u00fcr ist diese Plattform da: um Orientierung, Entlastung und konkrete Unterst\u00fctzung zu bieten. Damit ich Sie bestm\u00f6glich begleiten kann, empfehle ich Ihnen, sich kurz zu registrieren. Anschlie\u00dfend k\u00f6nnen Sie \u00fcber den Button&nbsp;\u201eMail-Beratung\u201cIhr Anliegen [&hellip;]<\/p>\n","protected":false},"author":1,"featured_media":0,"parent":0,"menu_order":0,"comment_status":"closed","ping_status":"closed","template":"","meta":{"footnotes":""},"class_list":["post-495","page","type-page","status-publish","hentry"],"_links":{"self":[{"href":"https:\/\/prof-kneginja-richter.de\/en\/wp-json\/wp\/v2\/pages\/495","targetHints":{"allow":["GET"]}}],"collection":[{"href":"https:\/\/prof-kneginja-richter.de\/en\/wp-json\/wp\/v2\/pages"}],"about":[{"href":"https:\/\/prof-kneginja-richter.de\/en\/wp-json\/wp\/v2\/types\/page"}],"author":[{"embeddable":true,"href":"https:\/\/prof-kneginja-richter.de\/en\/wp-json\/wp\/v2\/users\/1"}],"replies":[{"embeddable":true,"href":"https:\/\/prof-kneginja-richter.de\/en\/wp-json\/wp\/v2\/comments?post=495"}],"version-history":[{"count":7,"href":"https:\/\/prof-kneginja-richter.de\/en\/wp-json\/wp\/v2\/pages\/495\/revisions"}],"predecessor-version":[{"id":525,"href":"https:\/\/prof-kneginja-richter.de\/en\/wp-json\/wp\/v2\/pages\/495\/revisions\/525"}],"wp:attachment":[{"href":"https:\/\/prof-kneginja-richter.de\/en\/wp-json\/wp\/v2\/media?parent=495"}],"curies":[{"name":"wp","href":"https:\/\/api.w.org\/{rel}","templated":true}]}}