{"id":383,"date":"2025-03-03T18:24:00","date_gmt":"2025-03-03T17:24:00","guid":{"rendered":"https:\/\/prof-kneginja-richter.de\/?page_id=383"},"modified":"2025-05-17T07:38:30","modified_gmt":"2025-05-17T06:38:30","slug":"veranstaltungen","status":"publish","type":"page","link":"https:\/\/prof-kneginja-richter.de\/en\/veranstaltungen\/","title":{"rendered":"Veranstaltungen"},"content":{"rendered":"<h2 class=\"wp-block-heading\">Ausgeschlafen &amp; Mental Stark<\/h2>\n\n\n\n<p>13. Februar 2025 <br>8:45 &#8211; 10:45 Uhr<\/p>\n\n\n\n<p>IV. Bayerische Bereitschaftspolizei N\u00fcrnberg &#8211; gro\u00dfer H\u00f6rsaal (Lehrsaalgeb\u00e4ude)<\/p>\n\n\n\n<p><\/p>\n\n\n\n<h2 class=\"wp-block-heading\">Fachtag Gerontopsychiatrie<\/h2>\n\n\n\n<p>24. Juli 2025<br>09:30 &#8211; 16:45 Uhr<\/p>\n\n\n\n<p>Caritas-Pirckheimer-Haus<br>K\u00f6nigstra\u00dfe 64<br>90402 N\u00fcrnberg<\/p>\n\n\n\n<p><a href=\"https:\/\/eveeno.com\/160045458\" data-type=\"link\" data-id=\"https:\/\/eveeno.com\/160045458\">Anmeldung<\/a><br><a href=\"https:\/\/prof-kneginja-richter.de\/wp-content\/uploads\/2025\/03\/2025-02-26_Flyer_Fachtag_Gerontopsychiatrie_2025.pdf\" data-type=\"attachment\" data-id=\"385\">Flyer<\/a><\/p>\n\n\n\n<p><\/p>\n\n\n\n<h2 class=\"wp-block-heading\">N\u00fcrnberger Lehrerinnen und Lehrer Verband<\/h2>\n\n\n\n<p>3. Dezember 2024<br>14:30 &#8211; 16:30<\/p>\n\n\n\n<p>Kurs A9 Ausgeschlafen und Mental Stark! <\/p>\n\n\n\n<p><\/p>\n\n\n\n<h2 class=\"wp-block-heading\">NEXXT LEVEL \u201eFit durch die Wechseljahre\u201c<\/h2>\n\n\n\n<p>7. M\u00e4rz 2024<br>14:30 &#8211; 16:00<\/p>\n\n\n\n<p>Wasserturm Hotel Cologne<br>Kaygasse 2<br>50676 K\u00f6ln<\/p>\n\n\n\n<p><a href=\"https:\/\/www.eventbrite.de\/e\/nexxt-level-resilient-durch-die-wechseljahre-tickets-1111239981699?aff=oddtdtcreator&amp;utm-source=cp&amp;utm-campaign=social&amp;utm-content=attendeeshare&amp;utm-medium=discovery&amp;utm-term=listing\" target=\"_blank\" rel=\"noreferrer noopener nofollow\">Tickets<\/a><\/p>\n\n\n\n<p><\/p>\n\n\n\n<h2 class=\"wp-block-heading\">131. Kongress der Deutschen Gesellschaft f\u00fcr innere Medizin <\/h2>\n\n\n\n<p>3. &#8211; 6. Mai 2025<\/p>\n\n\n\n<p>RheinMain CongressCenter Wiesbaden<br>Saal 2 (hybrid)<\/p>\n\n\n\n<p><br><\/p>","protected":false},"excerpt":{"rendered":"<p>Ausgeschlafen &amp; Mental Stark 13. Februar 2025 8:45 &#8211; 10:45 Uhr IV. Bayerische Bereitschaftspolizei N\u00fcrnberg &#8211; gro\u00dfer H\u00f6rsaal (Lehrsaalgeb\u00e4ude) Fachtag Gerontopsychiatrie 24. Juli 202509:30 &#8211; 16:45 Uhr Caritas-Pirckheimer-HausK\u00f6nigstra\u00dfe 6490402 N\u00fcrnberg AnmeldungFlyer N\u00fcrnberger Lehrerinnen und Lehrer Verband 3. Dezember 202414:30 &#8211; 16:30 Kurs A9 Ausgeschlafen und Mental Stark! NEXXT LEVEL \u201eFit durch die Wechseljahre\u201c 7. M\u00e4rz [&hellip;]<\/p>\n","protected":false},"author":1,"featured_media":0,"parent":0,"menu_order":0,"comment_status":"closed","ping_status":"closed","template":"","meta":{"footnotes":""},"class_list":["post-383","page","type-page","status-publish","hentry"],"_links":{"self":[{"href":"https:\/\/prof-kneginja-richter.de\/en\/wp-json\/wp\/v2\/pages\/383","targetHints":{"allow":["GET"]}}],"collection":[{"href":"https:\/\/prof-kneginja-richter.de\/en\/wp-json\/wp\/v2\/pages"}],"about":[{"href":"https:\/\/prof-kneginja-richter.de\/en\/wp-json\/wp\/v2\/types\/page"}],"author":[{"embeddable":true,"href":"https:\/\/prof-kneginja-richter.de\/en\/wp-json\/wp\/v2\/users\/1"}],"replies":[{"embeddable":true,"href":"https:\/\/prof-kneginja-richter.de\/en\/wp-json\/wp\/v2\/comments?post=383"}],"version-history":[{"count":7,"href":"https:\/\/prof-kneginja-richter.de\/en\/wp-json\/wp\/v2\/pages\/383\/revisions"}],"predecessor-version":[{"id":458,"href":"https:\/\/prof-kneginja-richter.de\/en\/wp-json\/wp\/v2\/pages\/383\/revisions\/458"}],"wp:attachment":[{"href":"https:\/\/prof-kneginja-richter.de\/en\/wp-json\/wp\/v2\/media?parent=383"}],"curies":[{"name":"wp","href":"https:\/\/api.w.org\/{rel}","templated":true}]}}