{"id":159,"date":"2025-01-11T10:31:58","date_gmt":"2025-01-11T10:31:58","guid":{"rendered":"https:\/\/soi.alexanderhoerl.de\/?page_id=159"},"modified":"2025-07-23T14:12:31","modified_gmt":"2025-07-23T13:12:31","slug":"impressum","status":"publish","type":"page","link":"https:\/\/prof-kneginja-richter.de\/en\/impressum\/","title":{"rendered":"Legal"},"content":{"rendered":"<h2 class=\"wp-block-heading\" id=\"_2\">Anbieter<\/h2>\n\n\n\n<p id=\"_2\">Prof. (TH N\u00fcrnberg) PD Dr. med. Kneginja Richter<br>c\/o COCENTER<br>Koppoldstr. 1<br>86551 Aichach<\/p>\n\n\n\n<h2 class=\"wp-block-heading\" id=\"d96bf5e5-4829-4b91-98b6-2a2922cb4dc5\">Contact<\/h2>\n\n\n\n<p id=\"d96bf5e5-4829-4b91-98b6-2a2922cb4dc5\">E-Mail: kneginja.richter@gmx.de<br><\/p>\n\n\n\n<p id=\"d96bf5e5-4829-4b91-98b6-2a2922cb4dc5\">Zum Team des&nbsp;<strong>Schlaf-Online-Instituts (SOI)<\/strong>&nbsp;geh\u00f6ren:<\/p>\n\n\n\n<ul class=\"wp-block-list\">\n<li><strong>Dorjana Richter<\/strong>, Assistentin der Gesch\u00e4ftsf\u00fchrung<\/li>\n\n\n\n<li><strong>Prof. (TH N\u00fcrnberg) Priv.-Doz. Dr.med. Kneginja Richter,&nbsp;<\/strong>Fach\u00e4rztin f\u00fcr Psychiatrie, Psychotherapie und Schlafmedizin, Leiterin der Kompetenzgruppe Schlaf am Institut f\u00fcr E-Beratung (TH N\u00fcrnberg Ohm) und Chef\u00e4rztin der CuraMed Tagesklinik N\u00fcrnberg GmbH. Prof. Richter ist zudem Privat Dozentin an der Paracelsus Medizinischer Universit\u00e4t in N\u00fcrnberg und somit ein Bindeglied f\u00fcr Kooperation zwischen der Ohm TH N\u00fcrnberg und PMU N\u00fcrnberg.<\/li>\n\n\n\n<li><strong>Lukas Retzer<\/strong>, Psychologe M.Sc., Mitarbeiter der Schlafambulanz am Klinikum N\u00fcrnberg (Promotion im Projekt \u201eGesundbleiben im Schichtdienst\u201c), zertifizierter Online-Schlafberater<\/li>\n\n\n\n<li><strong>Dr. Sabine Nunius<\/strong>, Personal Trainerin, zertifizierte Yogalehrerin, Trauma-Yogatherapeutin und Heilpraktikerin f\u00fcr Psychotherapie<a class=\"\"><\/a><a class=\"\"><\/a><a class=\"\"><\/a><a class=\"\"><\/a><a class=\"\"><\/a><a class=\"\"><\/a><\/li>\n<\/ul>\n\n\n\n<h2 class=\"wp-block-heading\" id=\"3565cae3-4f6d-4f32-9873-7789d9fe7e10\">Haftungsausschluss<\/h2>\n\n\n\n<p>Die auf dieser Website angebotenen Informationen und Beratungsleistungen dienen ausschlie\u00dflich zu allgemeinen Informationszwecken und stellen keine medizinische oder therapeutische Beratung, Diagnose oder Behandlung im medizinischen Sinne dar. Sie k\u00f6nnen und sollen den Besuch bei einem Arzt, Therapeuten oder einer anderen qualifizierten medizinischen Fachkraft nicht ersetzen.<\/p>\n\n\n\n<p>Bei gesundheitlichen Beschwerden oder Fragen zur medizinischen Behandlung solltest du dich stets an einen Arzt oder eine andere geeignete medizinische Fachperson wenden. Jegliche Nutzung der hier bereitgestellten Informationen und Beratungsleistungen erfolgt auf eigene Verantwortung. Der Betreiber dieser Website \u00fcbernimmt keine Haftung f\u00fcr direkte oder indirekte Sch\u00e4den, die aus der Anwendung der angebotenen Inhalte oder Beratungen resultieren.<\/p>\n\n\n\n<p id=\"3565cae3-4f6d-4f32-9873-7789d9fe7e10\">Wir sind f\u00fcr die Inhalte unserer Internetseiten nach den Ma\u00dfgaben der allgemeinen Gesetzen verantwortlich. Alle Inhalte werden mit der gebotenen Sorgfalt und nach bestem Wissen erstellt. Soweit wir auf unseren Internetseiten mittels Hyperlink auf Internetseiten Dritter verweisen, k\u00f6nnen wir keine Gew\u00e4hr f\u00fcr die fortw\u00e4hrende Aktualit\u00e4t, Richtigkeit und Vollst\u00e4ndigkeit der verlinkten Inhalte \u00fcbernehmen, da diese Inhalte au\u00dferhalb unseres Verantwortungsbereichs liegen und wir auf die zuk\u00fcnftige Gestaltung keinen Einfluss haben. Sollten aus Ihrer Sicht Inhalte gegen geltendes Recht versto\u00dfen oder unangemessen sein, teilen Sie uns dies bitte mit.<\/p>\n\n\n\n<p id=\"fd47b61f-36f8-473b-94da-9de85de55930\">Die rechtlichen Hinweise auf dieser Seite sowie alle Fragen und Streitigkeiten im Zusammenhang mit der Gestaltung dieser Internetseite unterliegen dem Recht der Bundesrepublik Deutschland.<\/p>\n\n\n\n<h2 class=\"wp-block-heading\" id=\"ae9dd27f-bfa2-43c1-beac-3b9a6ba1b753\">Urheberrechtshinweis<\/h2>\n\n\n\n<p id=\"ae9dd27f-bfa2-43c1-beac-3b9a6ba1b753\">Die auf unserer Internetseite vorhandenen Texte, Bilder, Fotos, Videos oder Grafiken unterliegen in der Regel dem Schutz des Urheberrechts. Jede unberechtigte Verwendung (insbesondere die Vervielf\u00e4ltigung, Bearbeitung oder Verbreitung) dieser urheberrechtsgesch\u00fctzten Inhalte ist daher untersagt. Wenn Sie beabsichtigen, diese Inhalte oder Teile davon zu verwenden, kontaktieren Sie uns bitte im Voraus unter den oben stehenden Angaben. Soweit wir nicht selbst Inhaber der ben\u00f6tigten urheberrechtlichen Nutzungsrechte sein sollten, bem\u00fchen wir uns, einen Kontakt zum Berechtigten zu vermitteln.<\/p>\n\n\n\n<h2 class=\"wp-block-heading\">Google Analytics<\/h2>\n\n\n\n<p>Diese Website benutzt Google Analytics, einen Webanalysedienst der Google Inc. (\u201dGoogle\u201d). Google Analytics verwendet sog. \u201dCookies\u201d, Textdateien, die auf Ihrem Computer gespeichert werden und die eine Analyse der Benutzung der Website durch Sie erm\u00f6glicht. Die durch den Cookie erzeugten Informationen \u00fcber Ihre Benutzung diese Website (einschlie\u00dflich Ihrer IP-Adresse) wird an einen Server von Google in den USA \u00fcbertragen und dort gespeichert. Google wird diese Informationen benutzen, um Ihre Nutzung der Website auszuwerten, um Reports \u00fcber die Websiteaktivit\u00e4ten f\u00fcr die Websitebetreiber zusammenzustellen und um weitere mit der Websitenutzung und der Internetnutzung verbundene Dienstleistungen zu erbringen. Auch wird Google diese Informationen gegebenenfalls an Dritte \u00fcbertragen, sofern dies gesetzlich vorgeschrieben oder soweit Dritte diese Daten im Auftrag von Google verarbeiten. Google wird in keinem Fall Ihre IP-Adresse mit anderen Daten der Google in Verbindung bringen. Sie k\u00f6nnen die Installation der Cookies durch eine entsprechende Einstellung Ihrer Browser Software verhindern; wir weisen Sie jedoch darauf hin, dass Sie in diesem Fall gegebenenfalls nicht s\u00e4mtliche Funktionen dieser Website voll umf\u00e4nglich nutzen k\u00f6nnen. Durch die Nutzung dieser Website erkl\u00e4ren Sie sich mit der Bearbeitung der \u00fcber Sie erhobenen Daten durch Google in der zuvor beschriebenen Art und Weise und zu dem zuvor benannten Zweck einverstanden.<br><\/p>","protected":false},"excerpt":{"rendered":"<p>Anbieter Prof. (TH N\u00fcrnberg) PD Dr. med. Kneginja Richterc\/o COCENTERKoppoldstr. 186551 Aichach Kontakt E-Mail: kneginja.richter@gmx.de Zum Team des&nbsp;Schlaf-Online-Instituts (SOI)&nbsp;geh\u00f6ren: Haftungsausschluss Die auf dieser Website angebotenen Informationen und Beratungsleistungen dienen ausschlie\u00dflich zu allgemeinen Informationszwecken und stellen keine medizinische oder therapeutische Beratung, Diagnose oder Behandlung im medizinischen Sinne dar. Sie k\u00f6nnen und sollen den Besuch bei einem [&hellip;]<\/p>\n","protected":false},"author":1,"featured_media":0,"parent":0,"menu_order":0,"comment_status":"closed","ping_status":"closed","template":"","meta":{"footnotes":""},"class_list":["post-159","page","type-page","status-publish","hentry"],"_links":{"self":[{"href":"https:\/\/prof-kneginja-richter.de\/en\/wp-json\/wp\/v2\/pages\/159","targetHints":{"allow":["GET"]}}],"collection":[{"href":"https:\/\/prof-kneginja-richter.de\/en\/wp-json\/wp\/v2\/pages"}],"about":[{"href":"https:\/\/prof-kneginja-richter.de\/en\/wp-json\/wp\/v2\/types\/page"}],"author":[{"embeddable":true,"href":"https:\/\/prof-kneginja-richter.de\/en\/wp-json\/wp\/v2\/users\/1"}],"replies":[{"embeddable":true,"href":"https:\/\/prof-kneginja-richter.de\/en\/wp-json\/wp\/v2\/comments?post=159"}],"version-history":[{"count":15,"href":"https:\/\/prof-kneginja-richter.de\/en\/wp-json\/wp\/v2\/pages\/159\/revisions"}],"predecessor-version":[{"id":489,"href":"https:\/\/prof-kneginja-richter.de\/en\/wp-json\/wp\/v2\/pages\/159\/revisions\/489"}],"wp:attachment":[{"href":"https:\/\/prof-kneginja-richter.de\/en\/wp-json\/wp\/v2\/media?parent=159"}],"curies":[{"name":"wp","href":"https:\/\/api.w.org\/{rel}","templated":true}]}}