{"id":115,"date":"2025-01-11T09:34:02","date_gmt":"2025-01-11T09:34:02","guid":{"rendered":"https:\/\/soi.alexanderhoerl.de\/?page_id=115"},"modified":"2025-05-25T08:22:51","modified_gmt":"2025-05-25T07:22:51","slug":"professorin","status":"publish","type":"page","link":"https:\/\/prof-kneginja-richter.de\/en\/professorin\/","title":{"rendered":"Professor"},"content":{"rendered":"<div class=\"wp-block-columns is-layout-flex wp-container-core-columns-is-layout-28f84493 wp-block-columns-is-layout-flex\">\n<div class=\"wp-block-column is-layout-flow wp-block-column-is-layout-flow\" style=\"flex-basis:66.66%\">\n<p><strong>Specialist in psychiatry and psychotherapy | Expert in sleep medicine<\/strong><\/p>\n\n\n\n<p>Prof. Dr. med. Dr. habil. Kneginja Richter is an internationally recognized specialist in psychiatry and psychotherapy with proven expertise in sleep medicine and psychosomatics. She is Chief Physician of the <strong>CuraMed Tagesklinik N\u00fcrnberg GmbH<\/strong>, a facility specializing in psychosomatic illnesses and sleep disorders, and Professor of Medicine at the <strong>Technischen Hochschule N\u00fcrnberg Georg Simon Ohm<\/strong>.<\/p>\n\n\n\n<p>In addition, she is <strong>Private lecturer in psychiatry at the Paracelsus Medical University Nuremberg<\/strong> and <strong>Associate Professor of Sleep Medicine at Goce Delcev University in North Macedonia<\/strong>.<\/p>\n\n\n\n<h4 class=\"wp-block-heading\"><strong>Areas of expertise &amp; research focus<\/strong><\/h4>\n\n\n\n<p>Prof. Richter combines clinical practice with innovative research. Her scientific focus includes:<\/p>\n\n\n\n<ul class=\"wp-block-list\">\n<li><strong>Psychotherapy, sleep medicine and chronobiology<\/strong> \u2013 especially in cases of depression, burnout, insomnia, shift work and circadian disorders<\/li>\n\n\n\n<li><strong>Cognitive behavioral therapy for insomnia (CBT-I)<\/strong> and depth psychology-based psychotherapy<\/li>\n\n\n\n<li><strong>Neurostimulation techniques<\/strong> such as repetitive transcranial magnetic stimulation (rTMS) and EEG-based diagnostics<\/li>\n\n\n\n<li><strong>Migration and mental health<\/strong><\/li>\n<\/ul>\n\n\n\n<p>As chairwoman of the <strong>Expert Committee on Chronobiology of the German Society for Sleep Medicine<\/strong> and as a member of several scientific committees, she is actively shaping the future of sleep and chronomedicine.<\/p>\n\n\n\n<h4 class=\"wp-block-heading\"><strong>Academic career and education<\/strong><\/h4>\n\n\n\n<ul class=\"wp-block-list\">\n<li>Study of human medicine at the <strong>Universit\u00e4t St.\u202fCyril and Methodius<\/strong>, Skopje, North Macedonia<\/li>\n\n\n\n<li>Doctorate (Dr. med.) at the <strong>Friedrich-Alexander-Universit\u00e4t Erlangen-N\u00fcrnberg (FAU)<\/strong> on the topic of heart rate analysis<\/li>\n\n\n\n<li>Specialist training in psychiatry and psychotherapy as well as additional qualification in sleep medicine (BL\u00c4K)<\/li>\n\n\n\n<li>Habilitation in psychiatry and sleep medicine at the <strong>Paracelsus Private Medical University Nuremberg<\/strong> (2019)<\/li>\n\n\n\n<li><strong>MHBA<\/strong> (Master of Health Business Administration) at FAU Erlangen-Nuremberg<\/li>\n<\/ul>\n\n\n\n<h4 class=\"wp-block-heading\"><strong>Awards &amp; Commitment<\/strong><\/h4>\n\n\n\n<p>Prof. Richter has been repeatedly <strong>Top doctor<\/strong> in the areas <strong>Sleep medicine and depression<\/strong> from the magazine <em>Focus Gesundheit<\/em> She is the initiator and director of numerous scientific projects, including:<\/p>\n\n\n\n<ul class=\"wp-block-list\">\n<li>Online sleep advice and e-health applications<\/li>\n\n\n\n<li>Studies on sleep and shift work<\/li>\n\n\n\n<li>Mental health of refugees<\/li>\n<\/ul>\n\n\n\n<p>She is also actively involved in national and international professional associations.<\/p>\n\n\n\n<h4 class=\"wp-block-heading\"><strong>Publications &amp; Media Presence<\/strong><\/h4>\n\n\n\n<p>Prof. Richter is the author of over <strong>200 scientific papers<\/strong> as well as several specialist and non-fiction books, including <strong>\u201eAusgeschlafen und mental stark!\u201c<\/strong>. She is regularly featured as <strong>Keynote-Speakerin<\/strong> present at international congresses and a sought-after expert in media contributions on topics such as sleep, stress and mental health.<\/p>\n<\/div>\n\n\n\n<div class=\"wp-block-column is-layout-flow wp-block-column-is-layout-flow\" style=\"flex-basis:33.33%\">\n<figure class=\"wp-block-image size-large\"><img loading=\"lazy\" decoding=\"async\" width=\"1024\" height=\"614\" src=\"https:\/\/prof-kneginja-richter.de\/wp-content\/uploads\/2024\/12\/portrait-richter-2-1024x614.jpg\" alt=\"\" class=\"wp-image-60\" style=\"box-shadow:var(--wp--preset--shadow--natural)\" srcset=\"https:\/\/prof-kneginja-richter.de\/wp-content\/uploads\/2024\/12\/portrait-richter-2-1024x614.jpg 1024w, https:\/\/prof-kneginja-richter.de\/wp-content\/uploads\/2024\/12\/portrait-richter-2-300x180.jpg 300w, https:\/\/prof-kneginja-richter.de\/wp-content\/uploads\/2024\/12\/portrait-richter-2-768x461.jpg 768w, https:\/\/prof-kneginja-richter.de\/wp-content\/uploads\/2024\/12\/portrait-richter-2-1536x922.jpg 1536w, https:\/\/prof-kneginja-richter.de\/wp-content\/uploads\/2024\/12\/portrait-richter-2.jpg 2000w\" sizes=\"auto, (max-width: 1024px) 100vw, 1024px\" \/><\/figure>\n<\/div>\n<\/div>","protected":false},"excerpt":{"rendered":"<p>Fach\u00e4rztin f\u00fcr Psychiatrie und Psychotherapie | Expertin f\u00fcr Schlafmedizin Prof. Dr. med. Dr. habil. Kneginja Richter ist eine international anerkannte Fach\u00e4rztin f\u00fcr Psychiatrie und Psychotherapie mit ausgewiesener Expertise in der Schlafmedizin und Psychosomatik. Sie ist Chef\u00e4rztin der CuraMed Tagesklinik N\u00fcrnberg GmbH, einer auf psychosomatische Erkrankungen und Schlafst\u00f6rungen spezialisierten Einrichtung, sowie Professorin f\u00fcr Medizin an der [&hellip;]<\/p>\n","protected":false},"author":1,"featured_media":0,"parent":0,"menu_order":0,"comment_status":"closed","ping_status":"closed","template":"","meta":{"footnotes":""},"class_list":["post-115","page","type-page","status-publish","hentry"],"_links":{"self":[{"href":"https:\/\/prof-kneginja-richter.de\/en\/wp-json\/wp\/v2\/pages\/115","targetHints":{"allow":["GET"]}}],"collection":[{"href":"https:\/\/prof-kneginja-richter.de\/en\/wp-json\/wp\/v2\/pages"}],"about":[{"href":"https:\/\/prof-kneginja-richter.de\/en\/wp-json\/wp\/v2\/types\/page"}],"author":[{"embeddable":true,"href":"https:\/\/prof-kneginja-richter.de\/en\/wp-json\/wp\/v2\/users\/1"}],"replies":[{"embeddable":true,"href":"https:\/\/prof-kneginja-richter.de\/en\/wp-json\/wp\/v2\/comments?post=115"}],"version-history":[{"count":10,"href":"https:\/\/prof-kneginja-richter.de\/en\/wp-json\/wp\/v2\/pages\/115\/revisions"}],"predecessor-version":[{"id":476,"href":"https:\/\/prof-kneginja-richter.de\/en\/wp-json\/wp\/v2\/pages\/115\/revisions\/476"}],"wp:attachment":[{"href":"https:\/\/prof-kneginja-richter.de\/en\/wp-json\/wp\/v2\/media?parent=115"}],"curies":[{"name":"wp","href":"https:\/\/api.w.org\/{rel}","templated":true}]}}