{"id":114,"date":"2025-01-11T09:33:50","date_gmt":"2025-01-11T09:33:50","guid":{"rendered":"https:\/\/soi.alexanderhoerl.de\/?page_id=114"},"modified":"2025-09-07T11:59:43","modified_gmt":"2025-09-07T10:59:43","slug":"weiterbildung","status":"publish","type":"page","link":"https:\/\/prof-kneginja-richter.de\/en\/weiterbildung\/","title":{"rendered":"Continued Education"},"content":{"rendered":"<figure class=\"wp-block-image alignleft size-full is-resized\" style=\"margin-right:var(--wp--preset--spacing--10);margin-left:var(--wp--preset--spacing--10)\"><a href=\"https:\/\/www.e-beratungsinstitut.de\/weiterbildung\/schlafberatung-online\/\" target=\"_blank\" rel=\" noreferrer noopener\"><img loading=\"lazy\" decoding=\"async\" width=\"200\" height=\"200\" src=\"https:\/\/prof-kneginja-richter.de\/wp-content\/uploads\/2025\/01\/ZertifikatSchlaf200.png\" alt=\"E-Beratungs Zertifikat\" class=\"wp-image-279\" style=\"width:100px;height:auto\" srcset=\"https:\/\/prof-kneginja-richter.de\/wp-content\/uploads\/2025\/01\/ZertifikatSchlaf200.png 200w, https:\/\/prof-kneginja-richter.de\/wp-content\/uploads\/2025\/01\/ZertifikatSchlaf200-150x150.png 150w, https:\/\/prof-kneginja-richter.de\/wp-content\/uploads\/2025\/01\/ZertifikatSchlaf200-12x12.png 12w\" sizes=\"auto, (max-width: 200px) 100vw, 200px\" \/><\/a><\/figure>\n\n\n\n<p style=\"margin-top:0;margin-bottom:0;padding-top:0;padding-bottom:0\">Under the direction of Prof. Dr. Kneginja Richter, an expert in the field of online counseling, the Nuremberg Technical University, in cooperation with the sleep clinic of the Nuremberg Clinic and the German Society for Sleep Research and Sleep Medicine (DGSM), offers an innovative training course: the <a href=\"https:\/\/www.e-beratungsinstitut.de\/weiterbildung\/schlafberatung-online\/\">Hochschulzertifikat Schlafberatung Online<\/a>.<\/p>\n\n\n\n<p>Prof. Dr. Richter has made it her mission to combine sleep counseling and digital counseling formats in order to better reach people with sleep problems. With her expertise and many years of experience, she has developed a continuing education program that enables professionals from medicine, psychology and psychosocial counseling to effectively support those affected in an online setting.<\/p>\n\n\n\n<p>Sleep disorders affect up to 35% of the population, but many sufferers cannot access professional help. This is exactly where Prof. Dr. Richter comes in: she transfers scientifically based content, such as cognitive behavioral therapy for insomnia (CBT-I), into a modern online format that is low-threshold and flexible.<\/p>\n\n\n\n<p>The training course under her leadership teaches the basics of sleep medicine, methods for preventing and alleviating sleep disorders, and the special features of text-based and video-based online counseling. Participants also learn how to optimally implement counseling processes in legal, technical and organizational terms.<\/p>\n\n\n\n<h2 class=\"wp-block-heading\">Institute for e-Consulting<\/h2>\n\n\n\n<figure class=\"wp-block-image alignright size-large is-resized\"><a href=\"https:\/\/www.e-beratungsinstitut.de\/projekte\/e-schlafberatung\/\" target=\"_blank\" rel=\" noreferrer noopener\"><img loading=\"lazy\" decoding=\"async\" width=\"1024\" height=\"289\" src=\"https:\/\/prof-kneginja-richter.de\/wp-content\/uploads\/2025\/02\/230308_Ohm_Familienlogos_RGB_RZ_Farbe_Institut_fuer_E-Beratung-1024x289.png\" alt=\"Technische Hochschule N\u00fcrnberg Ohm Logo\" class=\"wp-image-309\" style=\"width:500px\" srcset=\"https:\/\/prof-kneginja-richter.de\/wp-content\/uploads\/2025\/02\/230308_Ohm_Familienlogos_RGB_RZ_Farbe_Institut_fuer_E-Beratung-1024x289.png 1024w, https:\/\/prof-kneginja-richter.de\/wp-content\/uploads\/2025\/02\/230308_Ohm_Familienlogos_RGB_RZ_Farbe_Institut_fuer_E-Beratung-300x85.png 300w, https:\/\/prof-kneginja-richter.de\/wp-content\/uploads\/2025\/02\/230308_Ohm_Familienlogos_RGB_RZ_Farbe_Institut_fuer_E-Beratung-768x217.png 768w, https:\/\/prof-kneginja-richter.de\/wp-content\/uploads\/2025\/02\/230308_Ohm_Familienlogos_RGB_RZ_Farbe_Institut_fuer_E-Beratung-18x5.png 18w, https:\/\/prof-kneginja-richter.de\/wp-content\/uploads\/2025\/02\/230308_Ohm_Familienlogos_RGB_RZ_Farbe_Institut_fuer_E-Beratung.png 1271w\" sizes=\"auto, (max-width: 1024px) 100vw, 1024px\" \/><\/a><\/figure>\n\n\n\n<p>The Institute for E-Counselling offers further training in online sleep counseling with Prof. Dr. Kneginja Richter under the auspices of the DGSM. The training is currently the only training course that combines the areas of sleep and online counseling in this form. For the participants, this means an expansion of their own professional skills and contributes to the development of new professional perspectives as proof of qualification.<\/p>\n\n\n\n<p>Dates and further information can be found on the website of the <a href=\"https:\/\/www.e-beratungsinstitut.de\/weiterbildung\/schlafberatung-online\/\" data-type=\"link\" data-id=\"https:\/\/www.e-beratungsinstitut.de\/weiterbildung\/schlafberatung-online\/\" target=\"_blank\" rel=\"noreferrer noopener nofollow\">Technischen Hochschule N\u00fcrnberg<\/a>.<\/p>\n\n\n\n<p>Further training certificate Sleep Counseling Online at a glance: <a href=\"https:\/\/www.e-beratungsinstitut.de\/wordpress\/wp-content\/uploads\/2024\/07\/Flyer_E-Schlafberatung.pdf\" data-type=\"link\" data-id=\"https:\/\/www.e-beratungsinstitut.de\/wordpress\/wp-content\/uploads\/2024\/07\/Flyer_E-Schlafberatung.pdf\" target=\"_blank\" rel=\"noreferrer noopener\">Fyler<\/a><\/p>","protected":false},"excerpt":{"rendered":"<p>Unter der Leitung von Prof. Dr. Kneginja Richter, einer Expertin auf dem Gebiet der Onlineberatung, bietet die Technische Hochschule N\u00fcrnberg in Kooperation mit der Schlafambulanz des Klinikums N\u00fcrnberg und der Deutschen Gesellschaft f\u00fcr Schlafforschung und Schlafmedizin (DGSM) eine innovative Weiterbildung an: das Hochschulzertifikat Schlafberatung Online. Prof. Dr. Richter hat es sich zur Aufgabe gemacht, Schlafberatung [&hellip;]<\/p>\n","protected":false},"author":1,"featured_media":0,"parent":0,"menu_order":0,"comment_status":"closed","ping_status":"closed","template":"","meta":{"footnotes":""},"class_list":["post-114","page","type-page","status-publish","hentry"],"_links":{"self":[{"href":"https:\/\/prof-kneginja-richter.de\/en\/wp-json\/wp\/v2\/pages\/114","targetHints":{"allow":["GET"]}}],"collection":[{"href":"https:\/\/prof-kneginja-richter.de\/en\/wp-json\/wp\/v2\/pages"}],"about":[{"href":"https:\/\/prof-kneginja-richter.de\/en\/wp-json\/wp\/v2\/types\/page"}],"author":[{"embeddable":true,"href":"https:\/\/prof-kneginja-richter.de\/en\/wp-json\/wp\/v2\/users\/1"}],"replies":[{"embeddable":true,"href":"https:\/\/prof-kneginja-richter.de\/en\/wp-json\/wp\/v2\/comments?post=114"}],"version-history":[{"count":20,"href":"https:\/\/prof-kneginja-richter.de\/en\/wp-json\/wp\/v2\/pages\/114\/revisions"}],"predecessor-version":[{"id":503,"href":"https:\/\/prof-kneginja-richter.de\/en\/wp-json\/wp\/v2\/pages\/114\/revisions\/503"}],"wp:attachment":[{"href":"https:\/\/prof-kneginja-richter.de\/en\/wp-json\/wp\/v2\/media?parent=114"}],"curies":[{"name":"wp","href":"https:\/\/api.w.org\/{rel}","templated":true}]}}